{"id":11,"date":"2025-04-03T00:22:00","date_gmt":"2025-04-02T22:22:00","guid":{"rendered":"http:\/\/srcorrecto.com\/wordpress\/tienda\/"},"modified":"2025-04-14T13:15:51","modified_gmt":"2025-04-14T11:15:51","slug":"tienda","status":"publish","type":"page","link":"https:\/\/srcorrecto.com\/","title":{"rendered":"Galer\u00eda &#8211; Se\u00f1or Correcto"},"content":{"rendered":"<p><\/p><div class=\"wp-block-uagb-container uagb-block-peoeasgn alignfull uagb-is-root-container\"><div class=\"wp-block-uagb-info-box uagb-block-kdxwd9pb uagb-infobox__content-wrap  uagb-infobox-icon-above-title uagb-infobox-image-valign-top\"><div class=\"uagb-ifb-content\"><div class=\"uagb-ifb-title-wrap\"><h2 class=\"uagb-ifb-title\">Mi universo visual<\/h2><\/div><p class=\"uagb-ifb-desc\"><strong><em>Soy Sr. Correcto, y esta es mi galer\u00eda viva.<\/em><\/strong><br><em>Cada obra aqu\u00ed nace del impulso, del trazo que no se repite, de la necesidad de comunicar m\u00e1s all\u00e1 de las palabras.<br>Aqu\u00ed no encontrar\u00e1s producciones en serie, sino piezas que respiran: <strong>originales, bocetos \u00edntimos y copias \u00fanicas<\/strong> intervenidas a mano.<br>Explora. Elige. Y si algo te resuena, es porque ya era tuyo.<\/em><\/p><\/div><\/div>\n\n<div class=\"wp-block-uagb-container uagb-block-aombybvt\"><div class=\"wp-block-uagb-container uagb-block-hdlgornq\"><div class=\"wp-block-uagb-info-box uagb-block-eenvfien uagb-infobox__content-wrap  uagb-infobox-icon-above-title uagb-infobox-image-valign-top\"><div class=\"uagb-ifb-content\"><div class=\"uagb-ifb-title-wrap\"><h3 class=\"uagb-ifb-title\">Bocetos<\/h3><\/div><p class=\"uagb-ifb-desc\">Trazos espont\u00e1neos hechos a l\u00e1piz, directos desde el pensamiento, sin filtro ni retoque, l\u00edneas que capturan ideas en movimiento, fragmentos del proceso que respiran sinceridad, dibujo puro que guarda la esencia de lo que a\u00fan est\u00e1 naciendo.<\/p><\/div><\/div>\n\n<div class=\"wp-block-buttons is-layout-flex wp-block-buttons-is-layout-flex\"><div class=\"wp-block-button has-custom-width wp-block-button__width-100 is-style-fill\"><a class=\"wp-block-button__link has-color-6-color has-color-2-background-color has-text-color has-background has-link-color wp-element-button\" href=\"https:\/\/srcorrecto.com\/?product_cat=bocetos\">Ver galer\u00eda<\/a><\/div><\/div><\/div>\n\n<div class=\"wp-block-uagb-container uagb-block-dts8mqux\"><div class=\"wp-block-uagb-info-box uagb-block-pwtza8xp uagb-infobox__content-wrap  uagb-infobox-icon-above-title uagb-infobox-image-valign-top\"><div class=\"uagb-ifb-content\"><div class=\"uagb-ifb-title-wrap\"><h3 class=\"uagb-ifb-title\">Obras \u00fanicas<\/h3><\/div><p class=\"uagb-ifb-desc\">Piezas \u00fanicas creadas sobre lienzo, papel o madera, nacidas del gesto libre, del error aceptado, del impulso sin correcci\u00f3n, obras irrepetibles que conservan su verdad, su fuerza y su momento, convertidas en materia viva que no volver\u00e1 a repetirse.<\/p><\/div><\/div>\n\n<div class=\"wp-block-buttons is-layout-flex wp-block-buttons-is-layout-flex\"><div class=\"wp-block-button has-custom-width wp-block-button__width-100\"><a class=\"wp-block-button__link has-color-6-color has-color-2-background-color has-text-color has-background has-link-color wp-element-button\">Ver galer\u00eda<\/a><\/div><\/div><\/div>\n\n<div class=\"wp-block-uagb-container uagb-block-3qoxcufi\"><div class=\"wp-block-uagb-info-box uagb-block-qsabrfi1 uagb-infobox__content-wrap  uagb-infobox-icon-above-title uagb-infobox-image-valign-top\"><div class=\"uagb-ifb-content\"><div class=\"uagb-ifb-title-wrap\"><h3 class=\"uagb-ifb-title\">Copias \u00fanicas<\/h3><\/div><p class=\"uagb-ifb-desc\">Obras impresas en edici\u00f3n limitada, numeradas, firmadas e intervenidas a mano, cada copia lleva un gesto distinto, un detalle a\u00f1adido con intenci\u00f3n, lo que transforma cada reproducci\u00f3n en una pieza \u00fanica pensada para ser solo tuya.<\/p><\/div><\/div>\n\n<div class=\"wp-block-buttons is-layout-flex wp-block-buttons-is-layout-flex\"><div class=\"wp-block-button has-custom-width wp-block-button__width-100\"><a class=\"wp-block-button__link has-color-6-color has-color-2-background-color has-text-color has-background has-link-color wp-element-button\">Ver galer\u00eda<\/a><\/div><\/div><\/div><\/div><\/div><div class=\"wp-block-uagb-separator uagb-block-6e01d055\"><div class=\"wp-block-uagb-separator__inner\" style=\"--my-background-image:\"><\/div><\/div><h2 class=\"wp-block-heading\">Lo \u00faltimo<\/h2><div class=\"wp-block-uagb-separator uagb-block-977f8c69\"><div class=\"wp-block-uagb-separator__inner\" style=\"--my-background-image:\"><\/div><\/div><div class=\"woocommerce columns-4 \"><ul class=\"products columns-4 cmsmasters_products\"><li class=\"product type-product post-612 status-publish first instock product_cat-bocetos has-post-thumbnail shipping-taxable purchasable product-type-simple\">\r\n\t<article class=\"cmsmasters_product\">\r\n\t\t\t\t<figure class=\"cmsmasters_product_img\">\r\n\t\t\t<a href=\"https:\/\/srcorrecto.com\/?product=la-ciudad-de-los-dioses-profesores\">\r\n\t\t\t\t<img loading=\"lazy\" decoding=\"async\" width=\"540\" height=\"360\" src=\"https:\/\/srcorrecto.com\/wp-content\/uploads\/2025\/04\/principal-13-540x360.gif\" class=\"attachment-woocommerce_thumbnail size-woocommerce_thumbnail\" alt=\"\" srcset=\"https:\/\/srcorrecto.com\/wp-content\/uploads\/2025\/04\/principal-13-540x360.gif 540w, https:\/\/srcorrecto.com\/wp-content\/uploads\/2025\/04\/principal-13-300x200.gif 300w, https:\/\/srcorrecto.com\/wp-content\/uploads\/2025\/04\/principal-13-1024x683.gif 1024w, https:\/\/srcorrecto.com\/wp-content\/uploads\/2025\/04\/principal-13-768x512.gif 768w, https:\/\/srcorrecto.com\/wp-content\/uploads\/2025\/04\/principal-13-1536x1024.gif 1536w, https:\/\/srcorrecto.com\/wp-content\/uploads\/2025\/04\/principal-13-860x573.gif 860w, https:\/\/srcorrecto.com\/wp-content\/uploads\/2025\/04\/principal-13-580x387.gif 580w, https:\/\/srcorrecto.com\/wp-content\/uploads\/2025\/04\/principal-13-1160x773.gif 1160w, https:\/\/srcorrecto.com\/wp-content\/uploads\/2025\/04\/principal-13-600x400.gif 600w\" sizes=\"auto, (max-width: 540px) 100vw, 540px\" \/>\t\t\t<\/a>\r\n\t\t\t\t\t<\/figure>\r\n\t\t<div class=\"cmsmasters_product_inner\">\r\n\t\t\t<div class=\"cmsmasters_product_cat entry-meta\"><a href=\"https:\/\/srcorrecto.com\/?product_cat=bocetos\" class=\"cmsmasters_cat_color cmsmasters_cat_20\" rel=\"category tag\">Bocetos<\/a><\/div>\t\t\t<header class=\"cmsmasters_product_header entry-header\">\r\n\t\t\t\t<h3 class=\"cmsmasters_product_title entry-title\">\r\n\t\t\t\t\t<a href=\"https:\/\/srcorrecto.com\/?product=la-ciudad-de-los-dioses-profesores\">E &#8211; La ciudad de los dioses profesores<\/a>\r\n\t\t\t\t<\/h3>\r\n\t\t\t<\/header>\r\n\t\t\t\r\n<div class=\"cmsmasters_star_rating\" itemscope itemtype=\"\/\/schema.org\/AggregateRating\" title=\"Rated 0 out of 5\">\r\n<div class=\"cmsmasters_star_trans_wrap\">\r\n\t<span class=\"cmsmasters_theme_icon_star_empty cmsmasters_star\"><\/span>\r\n\t<span class=\"cmsmasters_theme_icon_star_empty cmsmasters_star\"><\/span>\r\n\t<span class=\"cmsmasters_theme_icon_star_empty cmsmasters_star\"><\/span>\r\n\t<span class=\"cmsmasters_theme_icon_star_empty cmsmasters_star\"><\/span>\r\n\t<span class=\"cmsmasters_theme_icon_star_empty cmsmasters_star\"><\/span>\r\n<\/div>\r\n<div class=\"cmsmasters_star_color_wrap\" data-width=\"width:0%\">\r\n\t<div class=\"cmsmasters_star_color_inner\">\r\n\t\t<span class=\"cmsmasters_theme_icon_star_full cmsmasters_star\"><\/span>\r\n\t\t<span class=\"cmsmasters_theme_icon_star_full cmsmasters_star\"><\/span>\r\n\t\t<span class=\"cmsmasters_theme_icon_star_full cmsmasters_star\"><\/span>\r\n\t\t<span class=\"cmsmasters_theme_icon_star_full cmsmasters_star\"><\/span>\r\n\t\t<span class=\"cmsmasters_theme_icon_star_full cmsmasters_star\"><\/span>\r\n\t<\/div>\r\n<\/div>\r\n<span class=\"rating dn\"><strong itemprop=\"ratingValue\">0<\/strong> out of 5<\/span>\r\n<\/div>\r\n\t\t\t<div class=\"cmsmasters_product_info\">\r\n\t\t\t\n\t<span class=\"price\"><span class=\"woocommerce-Price-amount amount\"><bdi>40,00<span>&nbsp;<span class=\"woocommerce-Price-currencySymbol\">&euro;<\/span><\/span><\/bdi><\/span><\/span>\n<div class=\"button_to_cart_wrap\"><a href=\"?add-to-cart=612\" data-product_id=\"612\" data-product_sku=\"\" class=\"button_to_cart add_to_cart_button cmsmasters_add_to_cart_button product_type_simple ajax_add_to_cart\" title=\"Add to Cart\"><span>Add to Cart<\/span><\/a><a href=\"https:\/\/srcorrecto.com\/?page_id=12\" class=\"button_to_cart added_to_cart wc-forward\" title=\"View Cart\"><span>View Cart<\/span><\/a><\/div>\t\t\t<\/div>\r\n\t\t<\/div>\r\n\t\t\t<\/article>\r\n<\/li><li class=\"product type-product post-608 status-publish instock product_cat-bocetos has-post-thumbnail shipping-taxable purchasable product-type-simple\">\r\n\t<article class=\"cmsmasters_product\">\r\n\t\t\t\t<figure class=\"cmsmasters_product_img\">\r\n\t\t\t<a href=\"https:\/\/srcorrecto.com\/?product=608\">\r\n\t\t\t\t<img loading=\"lazy\" decoding=\"async\" width=\"540\" height=\"360\" src=\"https:\/\/srcorrecto.com\/wp-content\/uploads\/2025\/04\/principal-12-540x360.gif\" class=\"attachment-woocommerce_thumbnail size-woocommerce_thumbnail\" alt=\"\" srcset=\"https:\/\/srcorrecto.com\/wp-content\/uploads\/2025\/04\/principal-12-540x360.gif 540w, https:\/\/srcorrecto.com\/wp-content\/uploads\/2025\/04\/principal-12-300x200.gif 300w, https:\/\/srcorrecto.com\/wp-content\/uploads\/2025\/04\/principal-12-1024x683.gif 1024w, https:\/\/srcorrecto.com\/wp-content\/uploads\/2025\/04\/principal-12-768x512.gif 768w, https:\/\/srcorrecto.com\/wp-content\/uploads\/2025\/04\/principal-12-1536x1024.gif 1536w, https:\/\/srcorrecto.com\/wp-content\/uploads\/2025\/04\/principal-12-860x573.gif 860w, https:\/\/srcorrecto.com\/wp-content\/uploads\/2025\/04\/principal-12-580x387.gif 580w, https:\/\/srcorrecto.com\/wp-content\/uploads\/2025\/04\/principal-12-1160x773.gif 1160w, https:\/\/srcorrecto.com\/wp-content\/uploads\/2025\/04\/principal-12-600x400.gif 600w\" sizes=\"auto, (max-width: 540px) 100vw, 540px\" \/>\t\t\t<\/a>\r\n\t\t\t\t\t<\/figure>\r\n\t\t<div class=\"cmsmasters_product_inner\">\r\n\t\t\t<div class=\"cmsmasters_product_cat entry-meta\"><a href=\"https:\/\/srcorrecto.com\/?product_cat=bocetos\" class=\"cmsmasters_cat_color cmsmasters_cat_20\" rel=\"category tag\">Bocetos<\/a><\/div>\t\t\t<header class=\"cmsmasters_product_header entry-header\">\r\n\t\t\t\t<h3 class=\"cmsmasters_product_title entry-title\">\r\n\t\t\t\t\t<a href=\"https:\/\/srcorrecto.com\/?product=608\">E &#8211; El baile arr\u00edtmico<\/a>\r\n\t\t\t\t<\/h3>\r\n\t\t\t<\/header>\r\n\t\t\t\r\n<div class=\"cmsmasters_star_rating\" itemscope itemtype=\"\/\/schema.org\/AggregateRating\" title=\"Rated 0 out of 5\">\r\n<div class=\"cmsmasters_star_trans_wrap\">\r\n\t<span class=\"cmsmasters_theme_icon_star_empty cmsmasters_star\"><\/span>\r\n\t<span class=\"cmsmasters_theme_icon_star_empty cmsmasters_star\"><\/span>\r\n\t<span class=\"cmsmasters_theme_icon_star_empty cmsmasters_star\"><\/span>\r\n\t<span class=\"cmsmasters_theme_icon_star_empty cmsmasters_star\"><\/span>\r\n\t<span class=\"cmsmasters_theme_icon_star_empty cmsmasters_star\"><\/span>\r\n<\/div>\r\n<div class=\"cmsmasters_star_color_wrap\" data-width=\"width:0%\">\r\n\t<div class=\"cmsmasters_star_color_inner\">\r\n\t\t<span class=\"cmsmasters_theme_icon_star_full cmsmasters_star\"><\/span>\r\n\t\t<span class=\"cmsmasters_theme_icon_star_full cmsmasters_star\"><\/span>\r\n\t\t<span class=\"cmsmasters_theme_icon_star_full cmsmasters_star\"><\/span>\r\n\t\t<span class=\"cmsmasters_theme_icon_star_full cmsmasters_star\"><\/span>\r\n\t\t<span class=\"cmsmasters_theme_icon_star_full cmsmasters_star\"><\/span>\r\n\t<\/div>\r\n<\/div>\r\n<span class=\"rating dn\"><strong itemprop=\"ratingValue\">0<\/strong> out of 5<\/span>\r\n<\/div>\r\n\t\t\t<div class=\"cmsmasters_product_info\">\r\n\t\t\t\n\t<span class=\"price\"><span class=\"woocommerce-Price-amount amount\"><bdi>40,00<span>&nbsp;<span class=\"woocommerce-Price-currencySymbol\">&euro;<\/span><\/span><\/bdi><\/span><\/span>\n<div class=\"button_to_cart_wrap\"><a href=\"?add-to-cart=608\" data-product_id=\"608\" data-product_sku=\"\" class=\"button_to_cart add_to_cart_button cmsmasters_add_to_cart_button product_type_simple ajax_add_to_cart\" title=\"Add to Cart\"><span>Add to Cart<\/span><\/a><a href=\"https:\/\/srcorrecto.com\/?page_id=12\" class=\"button_to_cart added_to_cart wc-forward\" title=\"View Cart\"><span>View Cart<\/span><\/a><\/div>\t\t\t<\/div>\r\n\t\t<\/div>\r\n\t\t\t<\/article>\r\n<\/li><li class=\"product type-product post-605 status-publish instock product_cat-bocetos has-post-thumbnail shipping-taxable product-type-simple\">\r\n\t<article class=\"cmsmasters_product\">\r\n\t\t\t\t<figure class=\"cmsmasters_product_img\">\r\n\t\t\t<a href=\"https:\/\/srcorrecto.com\/?product=una-civilizacion-perdida\">\r\n\t\t\t\t<img loading=\"lazy\" decoding=\"async\" width=\"540\" height=\"360\" src=\"https:\/\/srcorrecto.com\/wp-content\/uploads\/2025\/04\/principal-11-540x360.gif\" class=\"attachment-woocommerce_thumbnail size-woocommerce_thumbnail\" alt=\"\" srcset=\"https:\/\/srcorrecto.com\/wp-content\/uploads\/2025\/04\/principal-11-540x360.gif 540w, https:\/\/srcorrecto.com\/wp-content\/uploads\/2025\/04\/principal-11-300x200.gif 300w, https:\/\/srcorrecto.com\/wp-content\/uploads\/2025\/04\/principal-11-1024x683.gif 1024w, https:\/\/srcorrecto.com\/wp-content\/uploads\/2025\/04\/principal-11-768x512.gif 768w, https:\/\/srcorrecto.com\/wp-content\/uploads\/2025\/04\/principal-11-860x573.gif 860w, https:\/\/srcorrecto.com\/wp-content\/uploads\/2025\/04\/principal-11-580x387.gif 580w, https:\/\/srcorrecto.com\/wp-content\/uploads\/2025\/04\/principal-11-1160x773.gif 1160w, https:\/\/srcorrecto.com\/wp-content\/uploads\/2025\/04\/principal-11-600x400.gif 600w\" sizes=\"auto, (max-width: 540px) 100vw, 540px\" \/>\t\t\t<\/a>\r\n\t\t\t\t\t<\/figure>\r\n\t\t<div class=\"cmsmasters_product_inner\">\r\n\t\t\t<div class=\"cmsmasters_product_cat entry-meta\"><a href=\"https:\/\/srcorrecto.com\/?product_cat=bocetos\" class=\"cmsmasters_cat_color cmsmasters_cat_20\" rel=\"category tag\">Bocetos<\/a><\/div>\t\t\t<header class=\"cmsmasters_product_header entry-header\">\r\n\t\t\t\t<h3 class=\"cmsmasters_product_title entry-title\">\r\n\t\t\t\t\t<a href=\"https:\/\/srcorrecto.com\/?product=una-civilizacion-perdida\">E &#8211; Una civilizaci\u00f3n perdida<\/a>\r\n\t\t\t\t<\/h3>\r\n\t\t\t<\/header>\r\n\t\t\t\r\n<div class=\"cmsmasters_star_rating\" itemscope itemtype=\"\/\/schema.org\/AggregateRating\" title=\"Rated 0 out of 5\">\r\n<div class=\"cmsmasters_star_trans_wrap\">\r\n\t<span class=\"cmsmasters_theme_icon_star_empty cmsmasters_star\"><\/span>\r\n\t<span class=\"cmsmasters_theme_icon_star_empty cmsmasters_star\"><\/span>\r\n\t<span class=\"cmsmasters_theme_icon_star_empty cmsmasters_star\"><\/span>\r\n\t<span class=\"cmsmasters_theme_icon_star_empty cmsmasters_star\"><\/span>\r\n\t<span class=\"cmsmasters_theme_icon_star_empty cmsmasters_star\"><\/span>\r\n<\/div>\r\n<div class=\"cmsmasters_star_color_wrap\" data-width=\"width:0%\">\r\n\t<div class=\"cmsmasters_star_color_inner\">\r\n\t\t<span class=\"cmsmasters_theme_icon_star_full cmsmasters_star\"><\/span>\r\n\t\t<span class=\"cmsmasters_theme_icon_star_full cmsmasters_star\"><\/span>\r\n\t\t<span class=\"cmsmasters_theme_icon_star_full cmsmasters_star\"><\/span>\r\n\t\t<span class=\"cmsmasters_theme_icon_star_full cmsmasters_star\"><\/span>\r\n\t\t<span class=\"cmsmasters_theme_icon_star_full cmsmasters_star\"><\/span>\r\n\t<\/div>\r\n<\/div>\r\n<span class=\"rating dn\"><strong itemprop=\"ratingValue\">0<\/strong> out of 5<\/span>\r\n<\/div>\r\n\t\t\t<div class=\"cmsmasters_product_info\">\r\n\t\t\t\n\t\t\t<\/div>\r\n\t\t<\/div>\r\n\t\t\t<\/article>\r\n<\/li><li class=\"product type-product post-602 status-publish last instock product_cat-bocetos has-post-thumbnail shipping-taxable purchasable product-type-simple\">\r\n\t<article class=\"cmsmasters_product\">\r\n\t\t\t\t<figure class=\"cmsmasters_product_img\">\r\n\t\t\t<a href=\"https:\/\/srcorrecto.com\/?product=el-rey-de-los-cielos\">\r\n\t\t\t\t<img loading=\"lazy\" decoding=\"async\" width=\"540\" height=\"360\" src=\"https:\/\/srcorrecto.com\/wp-content\/uploads\/2025\/04\/Principal-10-540x360.gif\" class=\"attachment-woocommerce_thumbnail size-woocommerce_thumbnail\" alt=\"\" srcset=\"https:\/\/srcorrecto.com\/wp-content\/uploads\/2025\/04\/Principal-10-540x360.gif 540w, https:\/\/srcorrecto.com\/wp-content\/uploads\/2025\/04\/Principal-10-300x200.gif 300w, https:\/\/srcorrecto.com\/wp-content\/uploads\/2025\/04\/Principal-10-1024x683.gif 1024w, https:\/\/srcorrecto.com\/wp-content\/uploads\/2025\/04\/Principal-10-768x512.gif 768w, https:\/\/srcorrecto.com\/wp-content\/uploads\/2025\/04\/Principal-10-860x573.gif 860w, https:\/\/srcorrecto.com\/wp-content\/uploads\/2025\/04\/Principal-10-580x387.gif 580w, https:\/\/srcorrecto.com\/wp-content\/uploads\/2025\/04\/Principal-10-1160x773.gif 1160w, https:\/\/srcorrecto.com\/wp-content\/uploads\/2025\/04\/Principal-10-600x400.gif 600w\" sizes=\"auto, (max-width: 540px) 100vw, 540px\" \/>\t\t\t<\/a>\r\n\t\t\t\t\t<\/figure>\r\n\t\t<div class=\"cmsmasters_product_inner\">\r\n\t\t\t<div class=\"cmsmasters_product_cat entry-meta\"><a href=\"https:\/\/srcorrecto.com\/?product_cat=bocetos\" class=\"cmsmasters_cat_color cmsmasters_cat_20\" rel=\"category tag\">Bocetos<\/a><\/div>\t\t\t<header class=\"cmsmasters_product_header entry-header\">\r\n\t\t\t\t<h3 class=\"cmsmasters_product_title entry-title\">\r\n\t\t\t\t\t<a href=\"https:\/\/srcorrecto.com\/?product=el-rey-de-los-cielos\">E &#8211; El rey de los cielos<\/a>\r\n\t\t\t\t<\/h3>\r\n\t\t\t<\/header>\r\n\t\t\t\r\n<div class=\"cmsmasters_star_rating\" itemscope itemtype=\"\/\/schema.org\/AggregateRating\" title=\"Rated 0 out of 5\">\r\n<div class=\"cmsmasters_star_trans_wrap\">\r\n\t<span class=\"cmsmasters_theme_icon_star_empty cmsmasters_star\"><\/span>\r\n\t<span class=\"cmsmasters_theme_icon_star_empty cmsmasters_star\"><\/span>\r\n\t<span class=\"cmsmasters_theme_icon_star_empty cmsmasters_star\"><\/span>\r\n\t<span class=\"cmsmasters_theme_icon_star_empty cmsmasters_star\"><\/span>\r\n\t<span class=\"cmsmasters_theme_icon_star_empty cmsmasters_star\"><\/span>\r\n<\/div>\r\n<div class=\"cmsmasters_star_color_wrap\" data-width=\"width:0%\">\r\n\t<div class=\"cmsmasters_star_color_inner\">\r\n\t\t<span class=\"cmsmasters_theme_icon_star_full cmsmasters_star\"><\/span>\r\n\t\t<span class=\"cmsmasters_theme_icon_star_full cmsmasters_star\"><\/span>\r\n\t\t<span class=\"cmsmasters_theme_icon_star_full cmsmasters_star\"><\/span>\r\n\t\t<span class=\"cmsmasters_theme_icon_star_full cmsmasters_star\"><\/span>\r\n\t\t<span class=\"cmsmasters_theme_icon_star_full cmsmasters_star\"><\/span>\r\n\t<\/div>\r\n<\/div>\r\n<span class=\"rating dn\"><strong itemprop=\"ratingValue\">0<\/strong> out of 5<\/span>\r\n<\/div>\r\n\t\t\t<div class=\"cmsmasters_product_info\">\r\n\t\t\t\n\t<span class=\"price\"><span class=\"woocommerce-Price-amount amount\"><bdi>40,00<span>&nbsp;<span class=\"woocommerce-Price-currencySymbol\">&euro;<\/span><\/span><\/bdi><\/span><\/span>\n<div class=\"button_to_cart_wrap\"><a href=\"?add-to-cart=602\" data-product_id=\"602\" data-product_sku=\"\" class=\"button_to_cart add_to_cart_button cmsmasters_add_to_cart_button product_type_simple ajax_add_to_cart\" title=\"Add to Cart\"><span>Add to Cart<\/span><\/a><a href=\"https:\/\/srcorrecto.com\/?page_id=12\" class=\"button_to_cart added_to_cart wc-forward\" title=\"View Cart\"><span>View Cart<\/span><\/a><\/div>\t\t\t<\/div>\r\n\t\t<\/div>\r\n\t\t\t<\/article>\r\n<\/li><\/ul>\n<\/div><div class=\"wp-block-uagb-separator uagb-block-30dbe926\"><div class=\"wp-block-uagb-separator__inner\" style=\"--my-background-image:\"><\/div><\/div><hr class=\"wp-block-separator has-text-color has-color-6-color has-alpha-channel-opacity has-color-6-background-color has-background is-style-wide\"\/><div class=\"wp-block-uagb-container uagb-block-lrmpi8pk alignfull uagb-is-root-container\"><div class=\"uagb-container-inner-blocks-wrap\"><div class=\"wp-block-uagb-container uagb-block-enclphyv\"><div class=\"wp-block-uagb-info-box uagb-block-tssg1cwv uagb-infobox__content-wrap  uagb-infobox-icon-above-title uagb-infobox-image-valign-top\"><div class=\"uagb-ifb-content\"><div class=\"uagb-ifb-title-wrap\"><h2 class=\"uagb-ifb-title\">Contacto<\/h2><\/div><\/div><\/div>\n\n<div class=\"wp-block-uagb-info-box uagb-block-kxwiogaz uagb-infobox__content-wrap  uagb-infobox-icon-above-title uagb-infobox-image-valign-top\"><div class=\"uagb-ifb-content\"><div class=\"uagb-ifb-title-wrap\"><p class=\"uagb-ifb-title\">Send Us a Message<\/p><\/div><p class=\"uagb-ifb-desc\">Here\\&#8217;s how you can contact us for any questions or concerns.<\/p><\/div><\/div>\n\n<div class=\"wp-block-uagb-icon-list uagb-block-oaewjaou\"><div class=\"uagb-icon-list__wrap\"><div class=\"wp-block-uagb-icon-list-child uagb-block-idazynzv\"><span class=\"uagb-icon-list__source-wrap\"><svg xmlns=\"https:\/\/www.w3.org\/2000\/svg\" viewBox=\"0 0 512 512\"><path d=\"M464 64C490.5 64 512 85.49 512 112C512 127.1 504.9 141.3 492.8 150.4L275.2 313.6C263.8 322.1 248.2 322.1 236.8 313.6L19.2 150.4C7.113 141.3 0 127.1 0 112C0 85.49 21.49 64 48 64H464zM217.6 339.2C240.4 356.3 271.6 356.3 294.4 339.2L512 176V384C512 419.3 483.3 448 448 448H64C28.65 448 0 419.3 0 384V176L217.6 339.2z\"><\/path><\/svg><\/span><span class=\"uagb-icon-list__label\">illescas@srcorrecto.com<\/span><\/div>\n\n<div class=\"wp-block-uagb-icon-list-child uagb-block-e7nsakff\"><span class=\"uagb-icon-list__source-wrap\"><svg xmlns=\"https:\/\/www.w3.org\/2000\/svg\" viewBox=\"0 0 512 512\"><path d=\"M511.2 387l-23.25 100.8c-3.266 14.25-15.79 24.22-30.46 24.22C205.2 512 0 306.8 0 54.5c0-14.66 9.969-27.2 24.22-30.45l100.8-23.25C139.7-2.602 154.7 5.018 160.8 18.92l46.52 108.5c5.438 12.78 1.77 27.67-8.98 36.45L144.5 207.1c33.98 69.22 90.26 125.5 159.5 159.5l44.08-53.8c8.688-10.78 23.69-14.51 36.47-8.975l108.5 46.51C506.1 357.2 514.6 372.4 511.2 387z\"><\/path><\/svg><\/span><span class=\"uagb-icon-list__label\">+34 611 415 993<\/span><\/div>\n\n<div class=\"wp-block-uagb-icon-list-child uagb-block-g8ywdlig\"><span class=\"uagb-icon-list__source-wrap\"><svg xmlns=\"https:\/\/www.w3.org\/2000\/svg\" viewBox=\"0 0 512 512\"><path d=\"M256 512C114.6 512 0 397.4 0 256C0 114.6 114.6 0 256 0C397.4 0 512 114.6 512 256C512 397.4 397.4 512 256 512zM232 256C232 264 236 271.5 242.7 275.1L338.7 339.1C349.7 347.3 364.6 344.3 371.1 333.3C379.3 322.3 376.3 307.4 365.3 300L280 243.2V120C280 106.7 269.3 96 255.1 96C242.7 96 231.1 106.7 231.1 120L232 256z\"><\/path><\/svg><\/span><span class=\"uagb-icon-list__label\">09.00am &#8211; 18.00pm<\/span><\/div><\/div><\/div><\/div>\n\n<div class=\"wp-block-uagb-forms uagb-forms__outer-wrap uagb-block-7jd6w2ps uagb-forms__default-btn\"><form class=\"uagb-forms-main-form\" method=\"post\" autocomplete=\"on\" name=\"uagb-form-7jd6w2ps\"><div class=\"wp-block-uagb-forms-name uagb-forms-name-wrap uagb-forms-field-set uagb-block-okkd8opa\"><div class=\"uagb-forms-name-label required uagb-forms-input-label\" id=\"okkd8opa\">Name<\/div><input type=\"text\" placeholder=\"\" required class=\"uagb-forms-name-input uagb-forms-input\" name=\"okkd8opa\" autocomplete=\"given-name\"\/><\/div>\n\n<div class=\"wp-block-uagb-forms-email uagb-forms-email-wrap uagb-forms-field-set uagb-block-hna4qmc7\"><div class=\"uagb-forms-email-label required uagb-forms-input-label\" id=\"hna4qmc7\">Email<\/div><input type=\"email\" class=\"uagb-forms-email-input uagb-forms-input\" placeholder=\"\" required name=\"hna4qmc7\" autocomplete=\"email\"\/><\/div>\n\n<div class=\"wp-block-uagb-forms-textarea uagb-forms-textarea-wrap uagb-forms-field-set uagb-block-rctdcojk\"><div class=\"uagb-forms-textarea-label required uagb-forms-input-label\" id=\"rctdcojk\">Message<\/div><textarea required class=\"uagb-forms-textarea-input uagb-forms-input\" rows=\"6\" placeholder=\"\" name=\"rctdcojk\" autocomplete=\"off\"><\/textarea><\/div><div class=\"uagb-forms-form-hidden-data\"><input type=\"hidden\" class=\"uagb_forms_form_label\" value=\"Spectra Form\"\/><input type=\"hidden\" class=\"uagb_forms_form_id\" value=\"uagb-form-7jd6w2ps\"\/><\/div><div class=\"uagb-form-reacaptcha-error-7jd6w2ps\"><\/div><div class=\"uagb-forms-main-submit-button-wrap wp-block-button\"><button class=\"uagb-forms-main-submit-button wp-block-button__link\"><div class=\"uagb-forms-main-submit-button-text\">Submit Form<\/div><\/button><\/div><\/form><div class=\"uagb-forms-success-message-7jd6w2ps uagb-forms-submit-message-hide\"><span>The form has been submitted successfully!<\/span><\/div><div class=\"uagb-forms-failed-message-7jd6w2ps uagb-forms-submit-message-hide\"><span>There has been some error while submitting the form. Please verify all form fields again.<\/span><\/div><\/div><\/div><\/div>","protected":false},"excerpt":{"rendered":"<p>Lo \u00faltimo<\/p>\n","protected":false},"author":1,"featured_media":0,"parent":0,"menu_order":0,"comment_status":"closed","ping_status":"closed","template":"","meta":{"_uag_custom_page_level_css":"","footnotes":""},"class_list":["post-11","page","type-page","status-publish","hentry"],"uagb_featured_image_src":{"full":false,"thumbnail":false,"medium":false,"medium_large":false,"large":false,"1536x1536":false,"2048x2048":false,"post-thumbnail":false,"cmsmasters-small-thumb":false,"cmsmasters-square-thumb":false,"cmsmasters-blog-masonry-thumb":false,"cmsmasters-project-thumb":false,"cmsmasters-project-masonry-thumb":false,"cmsmasters-masonry-thumb":false,"cmsmasters-full-thumb":false,"cmsmasters-project-full-thumb":false,"cmsmasters-full-masonry-thumb":false,"woocommerce_thumbnail":false,"woocommerce_single":false,"woocommerce_gallery_thumbnail":false},"uagb_author_info":{"display_name":"srcorrecto","author_link":"https:\/\/srcorrecto.com\/?author=1"},"uagb_comment_info":0,"uagb_excerpt":"Lo \u00faltimo","_links":{"self":[{"href":"https:\/\/srcorrecto.com\/index.php?rest_route=\/wp\/v2\/pages\/11","targetHints":{"allow":["GET"]}}],"collection":[{"href":"https:\/\/srcorrecto.com\/index.php?rest_route=\/wp\/v2\/pages"}],"about":[{"href":"https:\/\/srcorrecto.com\/index.php?rest_route=\/wp\/v2\/types\/page"}],"author":[{"embeddable":true,"href":"https:\/\/srcorrecto.com\/index.php?rest_route=\/wp\/v2\/users\/1"}],"replies":[{"embeddable":true,"href":"https:\/\/srcorrecto.com\/index.php?rest_route=%2Fwp%2Fv2%2Fcomments&post=11"}],"version-history":[{"count":170,"href":"https:\/\/srcorrecto.com\/index.php?rest_route=\/wp\/v2\/pages\/11\/revisions"}],"predecessor-version":[{"id":621,"href":"https:\/\/srcorrecto.com\/index.php?rest_route=\/wp\/v2\/pages\/11\/revisions\/621"}],"wp:attachment":[{"href":"https:\/\/srcorrecto.com\/index.php?rest_route=%2Fwp%2Fv2%2Fmedia&parent=11"}],"curies":[{"name":"wp","href":"https:\/\/api.w.org\/{rel}","templated":true}]}}