{"id":536,"date":"2025-04-09T00:11:50","date_gmt":"2025-04-08T22:11:50","guid":{"rendered":"http:\/\/srcorrecto.com\/wordpress\/?post_type=product&#038;p=536"},"modified":"2025-04-10T11:46:25","modified_gmt":"2025-04-10T09:46:25","slug":"la-espera-no-es-inocente","status":"publish","type":"product","link":"https:\/\/srcorrecto.com\/?product=la-espera-no-es-inocente","title":{"rendered":"Boceto II &#8211; La espera no es inocente"},"content":{"rendered":"<p class=\"\" data-start=\"909\" data-end=\"956\">No me gusta estar rodeado de gente. No puedo.<\/p>\n<p class=\"\" data-start=\"963\" data-end=\"1067\">Me aplastan las voces, incluso cuando no hablan. Me siento observado, pero al mismo tiempo&#8230; borrado.<\/p>\n<p class=\"\" data-start=\"1074\" data-end=\"1239\">Para asistir a una inauguraci\u00f3n, a una cena, a cualquier sitio con m\u00e1s de tres personas, necesito emborracharme antes. Y si puedo conseguir algo m\u00e1s, lo agradezco.<\/p>\n<p class=\"\" data-start=\"1246\" data-end=\"1399\">Dibujo esto cada vez que tengo que salir. Siempre son ellos. Rostros, gestos, miradas que me atraviesan. No me hacen da\u00f1o, no me tocan\u2026 pero me vac\u00edan.<\/p>\n<p class=\"\" data-start=\"1406\" data-end=\"1466\">En esta imagen no est\u00e1n los dem\u00e1s. Estoy yo, multiplicado.<\/p>\n<p class=\"\" data-start=\"1473\" data-end=\"1585\">Y aunque todos parezcamos distintos, en realidad es el mismo intento: resistir unos minutos m\u00e1s sin desaparecer.<\/p>\n","protected":false},"excerpt":{"rendered":"<blockquote data-start=\"470\" data-end=\"566\">\n<h4 data-start=\"472\" data-end=\"566\"><em data-start=\"472\" data-end=\"545\">He estado en muchas multitudes, pero esta\u2026 esta me mira desde dentro.<\/em><br data-start=\"545\" data-end=\"548\" \/>\u2014 <em data-start=\"552\" data-end=\"566\">Sr. Correcto<\/em><\/h4>\n<\/blockquote>\n<p class=\"\" data-start=\"568\" data-end=\"907\"><strong data-start=\"571\" data-end=\"582\">T\u00e9cnica<\/strong>: L\u00e1piz y bol\u00edgrafo sobre papel<br data-start=\"613\" data-end=\"616\" \/><strong data-start=\"619\" data-end=\"630\">Medidas<\/strong>: 10 x 15 cm<br data-start=\"642\" data-end=\"645\" \/><strong data-start=\"649\" data-end=\"660\">Soporte<\/strong>: Hoja de cuaderno escolar (cuadro \u00fanico)<br data-start=\"701\" data-end=\"704\" \/><strong data-start=\"707\" data-end=\"718\">Formato<\/strong>: Obra original animada (versi\u00f3n digital en bucle)<br data-start=\"768\" data-end=\"771\" \/><strong data-start=\"774\" data-end=\"784\">Precio<\/strong>: 40 \u20ac + IVA<br data-start=\"796\" data-end=\"799\" \/><sup>**Transporte gratuito para Espa\u00f1a<\/sup><br data-start=\"835\" data-end=\"838\" \/><sup><em data-start=\"842\" data-end=\"907\">Incluye certificado de autenticidad firmado por el Sr. Correcto<\/em><\/sup><\/p>\n","protected":false},"featured_media":537,"template":"","meta":{"_uag_custom_page_level_css":""},"product_brand":[],"product_cat":[20],"product_tag":[],"class_list":{"0":"post-536","1":"product","2":"type-product","3":"status-publish","4":"has-post-thumbnail","6":"product_cat-bocetos","8":"first","9":"instock","10":"shipping-taxable","11":"purchasable","12":"product-type-simple"},"uagb_featured_image_src":{"full":["https:\/\/srcorrecto.com\/wp-content\/uploads\/2025\/04\/principal-1.gif",1536,1024,false],"thumbnail":["https:\/\/srcorrecto.com\/wp-content\/uploads\/2025\/04\/principal-1-150x150.gif",150,150,true],"medium":["https:\/\/srcorrecto.com\/wp-content\/uploads\/2025\/04\/principal-1-300x200.gif",300,200,true],"medium_large":["https:\/\/srcorrecto.com\/wp-content\/uploads\/2025\/04\/principal-1-768x512.gif",768,512,true],"large":["https:\/\/srcorrecto.com\/wp-content\/uploads\/2025\/04\/principal-1-1024x683.gif",1024,683,true],"1536x1536":["https:\/\/srcorrecto.com\/wp-content\/uploads\/2025\/04\/principal-1.gif",1536,1024,false],"2048x2048":["https:\/\/srcorrecto.com\/wp-content\/uploads\/2025\/04\/principal-1.gif",1536,1024,false],"post-thumbnail":["https:\/\/srcorrecto.com\/wp-content\/uploads\/2025\/04\/principal-1-860x575.gif",860,575,true],"cmsmasters-small-thumb":["https:\/\/srcorrecto.com\/wp-content\/uploads\/2025\/04\/principal-1-180x180.gif",180,180,true],"cmsmasters-square-thumb":["https:\/\/srcorrecto.com\/wp-content\/uploads\/2025\/04\/principal-1-580x580.gif",580,580,true],"cmsmasters-blog-masonry-thumb":["https:\/\/srcorrecto.com\/wp-content\/uploads\/2025\/04\/principal-1-360x460.gif",360,460,true],"cmsmasters-project-thumb":["https:\/\/srcorrecto.com\/wp-content\/uploads\/2025\/04\/principal-1-580x420.gif",580,420,true],"cmsmasters-project-masonry-thumb":["https:\/\/srcorrecto.com\/wp-content\/uploads\/2025\/04\/principal-1-580x387.gif",580,387,true],"cmsmasters-masonry-thumb":["https:\/\/srcorrecto.com\/wp-content\/uploads\/2025\/04\/principal-1-860x573.gif",860,573,true],"cmsmasters-full-thumb":["https:\/\/srcorrecto.com\/wp-content\/uploads\/2025\/04\/principal-1-1160x775.gif",1160,775,true],"cmsmasters-project-full-thumb":["https:\/\/srcorrecto.com\/wp-content\/uploads\/2025\/04\/principal-1-1160x561.gif",1160,561,true],"cmsmasters-full-masonry-thumb":["https:\/\/srcorrecto.com\/wp-content\/uploads\/2025\/04\/principal-1-1160x773.gif",1160,773,true],"woocommerce_thumbnail":["https:\/\/srcorrecto.com\/wp-content\/uploads\/2025\/04\/principal-1-540x360.gif",540,360,true],"woocommerce_single":["https:\/\/srcorrecto.com\/wp-content\/uploads\/2025\/04\/principal-1-600x400.gif",600,400,true],"woocommerce_gallery_thumbnail":["https:\/\/srcorrecto.com\/wp-content\/uploads\/2025\/04\/principal-1-100x100.gif",100,100,true]},"uagb_author_info":{"display_name":"srcorrecto","author_link":"https:\/\/srcorrecto.com\/?author=0"},"uagb_comment_info":0,"uagb_excerpt":"He estado en muchas multitudes, pero esta\u2026 esta me mira desde dentro.\u2014 Sr. Correcto T\u00e9cnica: L\u00e1piz y bol\u00edgrafo sobre papelMedidas: 10 x 15 cmSoporte: Hoja de cuaderno escolar (cuadro \u00fanico)Formato: Obra original animada (versi\u00f3n digital en bucle)Precio: 40 \u20ac + IVA**Transporte gratuito para Espa\u00f1aIncluye certificado de autenticidad firmado por el Sr. Correcto","_links":{"self":[{"href":"https:\/\/srcorrecto.com\/index.php?rest_route=\/wp\/v2\/product\/536","targetHints":{"allow":["GET"]}}],"collection":[{"href":"https:\/\/srcorrecto.com\/index.php?rest_route=\/wp\/v2\/product"}],"about":[{"href":"https:\/\/srcorrecto.com\/index.php?rest_route=\/wp\/v2\/types\/product"}],"wp:featuredmedia":[{"embeddable":true,"href":"https:\/\/srcorrecto.com\/index.php?rest_route=\/wp\/v2\/media\/537"}],"wp:attachment":[{"href":"https:\/\/srcorrecto.com\/index.php?rest_route=%2Fwp%2Fv2%2Fmedia&parent=536"}],"wp:term":[{"taxonomy":"product_brand","embeddable":true,"href":"https:\/\/srcorrecto.com\/index.php?rest_route=%2Fwp%2Fv2%2Fproduct_brand&post=536"},{"taxonomy":"product_cat","embeddable":true,"href":"https:\/\/srcorrecto.com\/index.php?rest_route=%2Fwp%2Fv2%2Fproduct_cat&post=536"},{"taxonomy":"product_tag","embeddable":true,"href":"https:\/\/srcorrecto.com\/index.php?rest_route=%2Fwp%2Fv2%2Fproduct_tag&post=536"}],"curies":[{"name":"wp","href":"https:\/\/api.w.org\/{rel}","templated":true}]}}