{"id":586,"date":"2025-04-09T17:24:46","date_gmt":"2025-04-09T15:24:46","guid":{"rendered":"http:\/\/srcorrecto.com\/wordpress\/?post_type=product&#038;p=586"},"modified":"2025-04-10T11:46:25","modified_gmt":"2025-04-10T09:46:25","slug":"fiesta-de-invierno","status":"publish","type":"product","link":"https:\/\/srcorrecto.com\/?product=fiesta-de-invierno","title":{"rendered":"Fiesta de invierno"},"content":{"rendered":"<p class=\"\" data-start=\"597\" data-end=\"631\">Me gustan las fiestas de pueblo.<\/p>\n<p class=\"\" data-start=\"638\" data-end=\"741\">El vino pele\u00f3n. Las luces baratas. La m\u00fasica que suena por los mismos altavoces desde hace diez a\u00f1os.<\/p>\n<p class=\"\" data-start=\"748\" data-end=\"829\">Hay olor a az\u00facar quemado, a calor viejo. A cuerpos que sudan aunque haga fr\u00edo.<\/p>\n<p class=\"\" data-start=\"836\" data-end=\"912\">Me siento bien ah\u00ed. Invisible entre la gente. Libre sin que nadie me mire.<\/p>\n<p class=\"\" data-start=\"919\" data-end=\"1003\">Me gusta la est\u00e9tica cutre. La decadencia de todo eso que no intenta ser perfecto.<\/p>\n<p class=\"\" data-start=\"1010\" data-end=\"1062\">Lo disfruto, aunque tambi\u00e9n me d\u00e9 un poco de pena.<\/p>\n<p class=\"\" data-start=\"1069\" data-end=\"1135\">Como si todos estuvi\u00e9semos bailando dentro de una piscina vac\u00eda.<\/p>\n<p class=\"\" data-start=\"1142\" data-end=\"1160\">Y nos diera igual.<\/p>\n","protected":false},"excerpt":{"rendered":"<blockquote>\n<h4 data-start=\"1239\" data-end=\"1568\"><em data-start=\"1572\" data-end=\"1619\">Todos bailando dentro de una piscina vac\u00eda.<\/em><\/h4>\n<\/blockquote>\n<p class=\"\" data-start=\"1239\" data-end=\"1568\"><strong data-start=\"1242\" data-end=\"1253\">T\u00e9cnica<\/strong>: Rotulador, l\u00e1piz azul y negro sobre papel<br data-start=\"1296\" data-end=\"1299\" \/><strong data-start=\"1302\" data-end=\"1313\">Medidas<\/strong>: 15 x 25 cm (aproximadas)<br data-start=\"1339\" data-end=\"1342\" \/><strong data-start=\"1346\" data-end=\"1357\">Soporte<\/strong>: Papel intervenido con trazo r\u00e1pido<br data-start=\"1393\" data-end=\"1396\" \/><strong data-start=\"1399\" data-end=\"1410\">Formato<\/strong>: Obra \u00fanica<br data-start=\"1422\" data-end=\"1425\" \/><strong data-start=\"1428\" data-end=\"1438\">Precio<\/strong>: 40 \u20ac + IVA<br data-start=\"1450\" data-end=\"1453\" \/><sup>Transporte gratuito dentro de Espa\u00f1a<\/sup><br data-start=\"1496\" data-end=\"1499\" \/><sup><em data-start=\"1503\" data-end=\"1568\">Incluye certificado de autenticidad firmado por el Sr. Correcto<\/em><\/sup><\/p>\n","protected":false},"featured_media":587,"template":"","meta":{"_uag_custom_page_level_css":""},"product_brand":[],"product_cat":[20],"product_tag":[],"class_list":{"0":"post-586","1":"product","2":"type-product","3":"status-publish","4":"has-post-thumbnail","6":"product_cat-bocetos","8":"first","9":"instock","10":"shipping-taxable","11":"purchasable","12":"product-type-simple"},"uagb_featured_image_src":{"full":["https:\/\/srcorrecto.com\/wp-content\/uploads\/2025\/04\/principal-8.gif",1560,1040,false],"thumbnail":["https:\/\/srcorrecto.com\/wp-content\/uploads\/2025\/04\/principal-8-150x150.gif",150,150,true],"medium":["https:\/\/srcorrecto.com\/wp-content\/uploads\/2025\/04\/principal-8-300x200.gif",300,200,true],"medium_large":["https:\/\/srcorrecto.com\/wp-content\/uploads\/2025\/04\/principal-8-768x512.gif",768,512,true],"large":["https:\/\/srcorrecto.com\/wp-content\/uploads\/2025\/04\/principal-8-1024x683.gif",1024,683,true],"1536x1536":["https:\/\/srcorrecto.com\/wp-content\/uploads\/2025\/04\/principal-8-1536x1024.gif",1536,1024,true],"2048x2048":["https:\/\/srcorrecto.com\/wp-content\/uploads\/2025\/04\/principal-8.gif",1560,1040,false],"post-thumbnail":["https:\/\/srcorrecto.com\/wp-content\/uploads\/2025\/04\/principal-8-860x575.gif",860,575,true],"cmsmasters-small-thumb":["https:\/\/srcorrecto.com\/wp-content\/uploads\/2025\/04\/principal-8-180x180.gif",180,180,true],"cmsmasters-square-thumb":["https:\/\/srcorrecto.com\/wp-content\/uploads\/2025\/04\/principal-8-580x580.gif",580,580,true],"cmsmasters-blog-masonry-thumb":["https:\/\/srcorrecto.com\/wp-content\/uploads\/2025\/04\/principal-8-360x460.gif",360,460,true],"cmsmasters-project-thumb":["https:\/\/srcorrecto.com\/wp-content\/uploads\/2025\/04\/principal-8-580x420.gif",580,420,true],"cmsmasters-project-masonry-thumb":["https:\/\/srcorrecto.com\/wp-content\/uploads\/2025\/04\/principal-8-580x387.gif",580,387,true],"cmsmasters-masonry-thumb":["https:\/\/srcorrecto.com\/wp-content\/uploads\/2025\/04\/principal-8-860x573.gif",860,573,true],"cmsmasters-full-thumb":["https:\/\/srcorrecto.com\/wp-content\/uploads\/2025\/04\/principal-8-1160x775.gif",1160,775,true],"cmsmasters-project-full-thumb":["https:\/\/srcorrecto.com\/wp-content\/uploads\/2025\/04\/principal-8-1160x561.gif",1160,561,true],"cmsmasters-full-masonry-thumb":["https:\/\/srcorrecto.com\/wp-content\/uploads\/2025\/04\/principal-8-1160x773.gif",1160,773,true],"woocommerce_thumbnail":["https:\/\/srcorrecto.com\/wp-content\/uploads\/2025\/04\/principal-8-540x360.gif",540,360,true],"woocommerce_single":["https:\/\/srcorrecto.com\/wp-content\/uploads\/2025\/04\/principal-8-600x400.gif",600,400,true],"woocommerce_gallery_thumbnail":["https:\/\/srcorrecto.com\/wp-content\/uploads\/2025\/04\/principal-8-100x100.gif",100,100,true]},"uagb_author_info":{"display_name":"srcorrecto","author_link":"https:\/\/srcorrecto.com\/?author=0"},"uagb_comment_info":0,"uagb_excerpt":"Todos bailando dentro de una piscina vac\u00eda. T\u00e9cnica: Rotulador, l\u00e1piz azul y negro sobre papelMedidas: 15 x 25 cm (aproximadas)Soporte: Papel intervenido con trazo r\u00e1pidoFormato: Obra \u00fanicaPrecio: 40 \u20ac + IVATransporte gratuito dentro de Espa\u00f1aIncluye certificado de autenticidad firmado por el Sr. Correcto","_links":{"self":[{"href":"https:\/\/srcorrecto.com\/index.php?rest_route=\/wp\/v2\/product\/586","targetHints":{"allow":["GET"]}}],"collection":[{"href":"https:\/\/srcorrecto.com\/index.php?rest_route=\/wp\/v2\/product"}],"about":[{"href":"https:\/\/srcorrecto.com\/index.php?rest_route=\/wp\/v2\/types\/product"}],"wp:featuredmedia":[{"embeddable":true,"href":"https:\/\/srcorrecto.com\/index.php?rest_route=\/wp\/v2\/media\/587"}],"wp:attachment":[{"href":"https:\/\/srcorrecto.com\/index.php?rest_route=%2Fwp%2Fv2%2Fmedia&parent=586"}],"wp:term":[{"taxonomy":"product_brand","embeddable":true,"href":"https:\/\/srcorrecto.com\/index.php?rest_route=%2Fwp%2Fv2%2Fproduct_brand&post=586"},{"taxonomy":"product_cat","embeddable":true,"href":"https:\/\/srcorrecto.com\/index.php?rest_route=%2Fwp%2Fv2%2Fproduct_cat&post=586"},{"taxonomy":"product_tag","embeddable":true,"href":"https:\/\/srcorrecto.com\/index.php?rest_route=%2Fwp%2Fv2%2Fproduct_tag&post=586"}],"curies":[{"name":"wp","href":"https:\/\/api.w.org\/{rel}","templated":true}]}}