{"id":602,"date":"2025-04-10T11:12:03","date_gmt":"2025-04-10T09:12:03","guid":{"rendered":"http:\/\/srcorrecto.com\/wordpress\/?post_type=product&#038;p=602"},"modified":"2025-04-10T12:05:37","modified_gmt":"2025-04-10T10:05:37","slug":"el-rey-de-los-cielos","status":"publish","type":"product","link":"https:\/\/srcorrecto.com\/?product=el-rey-de-los-cielos","title":{"rendered":"E &#8211; El rey de los cielos"},"content":{"rendered":"<p class=\"\" data-start=\"738\" data-end=\"1029\">No s\u00e9 qu\u00e9 tom\u00e9 esa noche. No fue solo alcohol. Hab\u00eda algo m\u00e1s. Algo que me llev\u00f3 hasta arriba. No al cielo. M\u00e1s arriba. A un lugar donde no estaba Dios, sino su superior. El rey de los cielos. El verdadero. El que nunca aparece en los libros. El que no necesita fe porque ya tiene el poder.<\/p>\n<p class=\"\" data-start=\"1031\" data-end=\"1180\">Cristo es su subalterno. Un secretario piadoso. Los \u00e1ngeles no cantan: obedecen. Son sus esbirros. Portan lanzas, no arpas. Mueven cuerpos, no almas.<\/p>\n<p class=\"\" data-start=\"1182\" data-end=\"1403\">En la visi\u00f3n vi templos mezclados, s\u00edmbolos cruzados, santos hind\u00faes custodiando crucifijos, v\u00edrgenes armadas y demonios esperando turno. Vi un juicio en el que nadie era inocente, ni siquiera yo, y el rey ni se inmutaba.<\/p>\n<p class=\"\" data-start=\"1405\" data-end=\"1547\">Despert\u00e9 con la boca seca y este dibujo frente a m\u00ed. Lo hab\u00eda hecho sin darme cuenta. Me miraba desde el papel como si supiera algo que yo no.<\/p>\n<p class=\"\" data-start=\"1549\" data-end=\"1580\">Desde entonces, no duermo bien.<\/p>\n","protected":false},"excerpt":{"rendered":"<blockquote>\n<h4 data-start=\"1663\" data-end=\"1954\"><em data-start=\"1958\" data-end=\"2016\">Cristo es su subalterno. Los \u00e1ngeles, su fuerza bruta.\u201d<\/em><\/h4>\n<\/blockquote>\n<p class=\"\" data-start=\"1663\" data-end=\"1954\"><strong data-start=\"1666\" data-end=\"1677\">T\u00e9cnica<\/strong>: Bol\u00edgrafo azul sobre papel<br data-start=\"1705\" data-end=\"1708\" \/><strong data-start=\"1711\" data-end=\"1722\">Medidas<\/strong>: 20 x 30 cm<br data-start=\"1734\" data-end=\"1737\" \/><strong data-start=\"1741\" data-end=\"1752\">Soporte<\/strong>: Hoja de libreta ordinaria<br data-start=\"1779\" data-end=\"1782\" \/><strong data-start=\"1785\" data-end=\"1796\">Formato<\/strong>: Obra \u00fanica<br data-start=\"1808\" data-end=\"1811\" \/><strong data-start=\"1814\" data-end=\"1824\">Precio<\/strong>: 40 \u20ac + IVA<br data-start=\"1836\" data-end=\"1839\" \/><sup>Transporte gratuito dentro de Espa\u00f1a<\/sup><br data-start=\"1882\" data-end=\"1885\" \/><sup><em data-start=\"1889\" data-end=\"1954\">Incluye certificado de autenticidad firmado por el Sr. Correcto<\/em><\/sup><\/p>\n","protected":false},"featured_media":603,"template":"","meta":{"_uag_custom_page_level_css":""},"product_brand":[],"product_cat":[20],"product_tag":[],"class_list":{"0":"post-602","1":"product","2":"type-product","3":"status-publish","4":"has-post-thumbnail","6":"product_cat-bocetos","8":"first","9":"instock","10":"shipping-taxable","11":"purchasable","12":"product-type-simple"},"uagb_featured_image_src":{"full":["https:\/\/srcorrecto.com\/wp-content\/uploads\/2025\/04\/Principal-10.gif",1536,1024,false],"thumbnail":["https:\/\/srcorrecto.com\/wp-content\/uploads\/2025\/04\/Principal-10-150x150.gif",150,150,true],"medium":["https:\/\/srcorrecto.com\/wp-content\/uploads\/2025\/04\/Principal-10-300x200.gif",300,200,true],"medium_large":["https:\/\/srcorrecto.com\/wp-content\/uploads\/2025\/04\/Principal-10-768x512.gif",768,512,true],"large":["https:\/\/srcorrecto.com\/wp-content\/uploads\/2025\/04\/Principal-10-1024x683.gif",1024,683,true],"1536x1536":["https:\/\/srcorrecto.com\/wp-content\/uploads\/2025\/04\/Principal-10.gif",1536,1024,false],"2048x2048":["https:\/\/srcorrecto.com\/wp-content\/uploads\/2025\/04\/Principal-10.gif",1536,1024,false],"post-thumbnail":["https:\/\/srcorrecto.com\/wp-content\/uploads\/2025\/04\/Principal-10-860x575.gif",860,575,true],"cmsmasters-small-thumb":["https:\/\/srcorrecto.com\/wp-content\/uploads\/2025\/04\/Principal-10-180x180.gif",180,180,true],"cmsmasters-square-thumb":["https:\/\/srcorrecto.com\/wp-content\/uploads\/2025\/04\/Principal-10-580x580.gif",580,580,true],"cmsmasters-blog-masonry-thumb":["https:\/\/srcorrecto.com\/wp-content\/uploads\/2025\/04\/Principal-10-360x460.gif",360,460,true],"cmsmasters-project-thumb":["https:\/\/srcorrecto.com\/wp-content\/uploads\/2025\/04\/Principal-10-580x420.gif",580,420,true],"cmsmasters-project-masonry-thumb":["https:\/\/srcorrecto.com\/wp-content\/uploads\/2025\/04\/Principal-10-580x387.gif",580,387,true],"cmsmasters-masonry-thumb":["https:\/\/srcorrecto.com\/wp-content\/uploads\/2025\/04\/Principal-10-860x573.gif",860,573,true],"cmsmasters-full-thumb":["https:\/\/srcorrecto.com\/wp-content\/uploads\/2025\/04\/Principal-10-1160x775.gif",1160,775,true],"cmsmasters-project-full-thumb":["https:\/\/srcorrecto.com\/wp-content\/uploads\/2025\/04\/Principal-10-1160x561.gif",1160,561,true],"cmsmasters-full-masonry-thumb":["https:\/\/srcorrecto.com\/wp-content\/uploads\/2025\/04\/Principal-10-1160x773.gif",1160,773,true],"woocommerce_thumbnail":["https:\/\/srcorrecto.com\/wp-content\/uploads\/2025\/04\/Principal-10-540x360.gif",540,360,true],"woocommerce_single":["https:\/\/srcorrecto.com\/wp-content\/uploads\/2025\/04\/Principal-10-600x400.gif",600,400,true],"woocommerce_gallery_thumbnail":["https:\/\/srcorrecto.com\/wp-content\/uploads\/2025\/04\/Principal-10-100x100.gif",100,100,true]},"uagb_author_info":{"display_name":"srcorrecto","author_link":"https:\/\/srcorrecto.com\/?author=0"},"uagb_comment_info":0,"uagb_excerpt":"Cristo es su subalterno. Los \u00e1ngeles, su fuerza bruta.\u201d T\u00e9cnica: Bol\u00edgrafo azul sobre papelMedidas: 20 x 30 cmSoporte: Hoja de libreta ordinariaFormato: Obra \u00fanicaPrecio: 40 \u20ac + IVATransporte gratuito dentro de Espa\u00f1aIncluye certificado de autenticidad firmado por el Sr. Correcto","_links":{"self":[{"href":"https:\/\/srcorrecto.com\/index.php?rest_route=\/wp\/v2\/product\/602","targetHints":{"allow":["GET"]}}],"collection":[{"href":"https:\/\/srcorrecto.com\/index.php?rest_route=\/wp\/v2\/product"}],"about":[{"href":"https:\/\/srcorrecto.com\/index.php?rest_route=\/wp\/v2\/types\/product"}],"wp:featuredmedia":[{"embeddable":true,"href":"https:\/\/srcorrecto.com\/index.php?rest_route=\/wp\/v2\/media\/603"}],"wp:attachment":[{"href":"https:\/\/srcorrecto.com\/index.php?rest_route=%2Fwp%2Fv2%2Fmedia&parent=602"}],"wp:term":[{"taxonomy":"product_brand","embeddable":true,"href":"https:\/\/srcorrecto.com\/index.php?rest_route=%2Fwp%2Fv2%2Fproduct_brand&post=602"},{"taxonomy":"product_cat","embeddable":true,"href":"https:\/\/srcorrecto.com\/index.php?rest_route=%2Fwp%2Fv2%2Fproduct_cat&post=602"},{"taxonomy":"product_tag","embeddable":true,"href":"https:\/\/srcorrecto.com\/index.php?rest_route=%2Fwp%2Fv2%2Fproduct_tag&post=602"}],"curies":[{"name":"wp","href":"https:\/\/api.w.org\/{rel}","templated":true}]}}