{"id":605,"date":"2025-04-10T11:27:31","date_gmt":"2025-04-10T09:27:31","guid":{"rendered":"http:\/\/srcorrecto.com\/wordpress\/?post_type=product&#038;p=605"},"modified":"2025-04-11T09:52:22","modified_gmt":"2025-04-11T07:52:22","slug":"una-civilizacion-perdida","status":"publish","type":"product","link":"https:\/\/srcorrecto.com\/?product=una-civilizacion-perdida","title":{"rendered":"E &#8211; Una civilizaci\u00f3n perdida"},"content":{"rendered":"<p class=\"\" data-start=\"644\" data-end=\"1228\">No s\u00e9 cu\u00e1ndo empez\u00f3 exactamente, pero en alg\u00fan punto de la noche, lo que estaba viendo dej\u00f3 de ser real. O dej\u00f3 de ser mi realidad. Todo se volvi\u00f3 borroso, l\u00edquido, como dibujado sobre una servilleta mojada. Las figuras ya no eran humanas, o no del todo. Hab\u00eda alguien con cabeza de le\u00f3n, otros con m\u00e1scaras permanentes, cuerpos deformes que caminaban como si nada. Algunos ten\u00edan ojos dobles, bocas en la frente, piernas que se bifurcaban. Pero todos parec\u00edan tranquilos. Estaban en sus cosas. Cargando bolsas, barriendo el suelo, discutiendo, cuidando a sus hijos con cara de fiera.<\/p>\n<p class=\"\" data-start=\"1230\" data-end=\"1446\">Y yo en medio, sinti\u00e9ndome fuera de lugar incluso en un lugar que no existe.<br data-start=\"1306\" data-end=\"1309\" \/>Nadie me miraba. Nadie parec\u00eda verme. Y eso fue lo m\u00e1s raro. Porque en este sin sentido, ellos estaban bien.<br data-start=\"1425\" data-end=\"1428\" \/>El extra\u00f1o era yo.<\/p>\n","protected":false},"excerpt":{"rendered":"<blockquote>\n<h4 data-start=\"1532\" data-end=\"1823\"><em data-start=\"1827\" data-end=\"1877\">Incluso en un mundo inventado, el raro era yo.\u201d<\/em><\/h4>\n<\/blockquote>\n<p class=\"\" data-start=\"1532\" data-end=\"1823\"><strong data-start=\"1535\" data-end=\"1546\">T\u00e9cnica<\/strong>: Bol\u00edgrafo azul sobre papel<br data-start=\"1574\" data-end=\"1577\" \/><strong data-start=\"1580\" data-end=\"1591\">Medidas<\/strong>: 20 x 30 cm<br data-start=\"1603\" data-end=\"1606\" \/><strong data-start=\"1610\" data-end=\"1621\">Soporte<\/strong>: Hoja de libreta ordinaria<br data-start=\"1648\" data-end=\"1651\" \/><strong data-start=\"1654\" data-end=\"1665\">Formato<\/strong>: Obra \u00fanica<br data-start=\"1677\" data-end=\"1680\" \/><strong data-start=\"1683\" data-end=\"1693\">Precio<\/strong>: 40 \u20ac + IVA<br data-start=\"1705\" data-end=\"1708\" \/><sup>Transporte gratuito dentro de Espa\u00f1a<\/sup><br data-start=\"1751\" data-end=\"1754\" \/><sup><em data-start=\"1758\" data-end=\"1823\">Incluye certificado de autenticidad firmado por el Sr. Correcto<\/em><\/sup><\/p>\n","protected":false},"featured_media":606,"template":"","meta":{"_uag_custom_page_level_css":""},"product_brand":[],"product_cat":[20],"product_tag":[],"class_list":{"0":"post-605","1":"product","2":"type-product","3":"status-publish","4":"has-post-thumbnail","6":"product_cat-bocetos","8":"first","9":"instock","10":"shipping-taxable","11":"product-type-simple"},"uagb_featured_image_src":{"full":["https:\/\/srcorrecto.com\/wp-content\/uploads\/2025\/04\/principal-11.gif",1536,1024,false],"thumbnail":["https:\/\/srcorrecto.com\/wp-content\/uploads\/2025\/04\/principal-11-150x150.gif",150,150,true],"medium":["https:\/\/srcorrecto.com\/wp-content\/uploads\/2025\/04\/principal-11-300x200.gif",300,200,true],"medium_large":["https:\/\/srcorrecto.com\/wp-content\/uploads\/2025\/04\/principal-11-768x512.gif",768,512,true],"large":["https:\/\/srcorrecto.com\/wp-content\/uploads\/2025\/04\/principal-11-1024x683.gif",1024,683,true],"1536x1536":["https:\/\/srcorrecto.com\/wp-content\/uploads\/2025\/04\/principal-11.gif",1536,1024,false],"2048x2048":["https:\/\/srcorrecto.com\/wp-content\/uploads\/2025\/04\/principal-11.gif",1536,1024,false],"post-thumbnail":["https:\/\/srcorrecto.com\/wp-content\/uploads\/2025\/04\/principal-11-860x575.gif",860,575,true],"cmsmasters-small-thumb":["https:\/\/srcorrecto.com\/wp-content\/uploads\/2025\/04\/principal-11-180x180.gif",180,180,true],"cmsmasters-square-thumb":["https:\/\/srcorrecto.com\/wp-content\/uploads\/2025\/04\/principal-11-580x580.gif",580,580,true],"cmsmasters-blog-masonry-thumb":["https:\/\/srcorrecto.com\/wp-content\/uploads\/2025\/04\/principal-11-360x460.gif",360,460,true],"cmsmasters-project-thumb":["https:\/\/srcorrecto.com\/wp-content\/uploads\/2025\/04\/principal-11-580x420.gif",580,420,true],"cmsmasters-project-masonry-thumb":["https:\/\/srcorrecto.com\/wp-content\/uploads\/2025\/04\/principal-11-580x387.gif",580,387,true],"cmsmasters-masonry-thumb":["https:\/\/srcorrecto.com\/wp-content\/uploads\/2025\/04\/principal-11-860x573.gif",860,573,true],"cmsmasters-full-thumb":["https:\/\/srcorrecto.com\/wp-content\/uploads\/2025\/04\/principal-11-1160x775.gif",1160,775,true],"cmsmasters-project-full-thumb":["https:\/\/srcorrecto.com\/wp-content\/uploads\/2025\/04\/principal-11-1160x561.gif",1160,561,true],"cmsmasters-full-masonry-thumb":["https:\/\/srcorrecto.com\/wp-content\/uploads\/2025\/04\/principal-11-1160x773.gif",1160,773,true],"woocommerce_thumbnail":["https:\/\/srcorrecto.com\/wp-content\/uploads\/2025\/04\/principal-11-540x360.gif",540,360,true],"woocommerce_single":["https:\/\/srcorrecto.com\/wp-content\/uploads\/2025\/04\/principal-11-600x400.gif",600,400,true],"woocommerce_gallery_thumbnail":["https:\/\/srcorrecto.com\/wp-content\/uploads\/2025\/04\/principal-11-100x100.gif",100,100,true]},"uagb_author_info":{"display_name":"srcorrecto","author_link":"https:\/\/srcorrecto.com\/?author=0"},"uagb_comment_info":0,"uagb_excerpt":"Incluso en un mundo inventado, el raro era yo.\u201d T\u00e9cnica: Bol\u00edgrafo azul sobre papelMedidas: 20 x 30 cmSoporte: Hoja de libreta ordinariaFormato: Obra \u00fanicaPrecio: 40 \u20ac + IVATransporte gratuito dentro de Espa\u00f1aIncluye certificado de autenticidad firmado por el Sr. Correcto","_links":{"self":[{"href":"https:\/\/srcorrecto.com\/index.php?rest_route=\/wp\/v2\/product\/605","targetHints":{"allow":["GET"]}}],"collection":[{"href":"https:\/\/srcorrecto.com\/index.php?rest_route=\/wp\/v2\/product"}],"about":[{"href":"https:\/\/srcorrecto.com\/index.php?rest_route=\/wp\/v2\/types\/product"}],"wp:featuredmedia":[{"embeddable":true,"href":"https:\/\/srcorrecto.com\/index.php?rest_route=\/wp\/v2\/media\/606"}],"wp:attachment":[{"href":"https:\/\/srcorrecto.com\/index.php?rest_route=%2Fwp%2Fv2%2Fmedia&parent=605"}],"wp:term":[{"taxonomy":"product_brand","embeddable":true,"href":"https:\/\/srcorrecto.com\/index.php?rest_route=%2Fwp%2Fv2%2Fproduct_brand&post=605"},{"taxonomy":"product_cat","embeddable":true,"href":"https:\/\/srcorrecto.com\/index.php?rest_route=%2Fwp%2Fv2%2Fproduct_cat&post=605"},{"taxonomy":"product_tag","embeddable":true,"href":"https:\/\/srcorrecto.com\/index.php?rest_route=%2Fwp%2Fv2%2Fproduct_tag&post=605"}],"curies":[{"name":"wp","href":"https:\/\/api.w.org\/{rel}","templated":true}]}}